{"id":8507,"date":"2024-05-22T11:14:35","date_gmt":"2024-05-22T09:14:35","guid":{"rendered":"https:\/\/www.standmilano.it\/?post_type=product&#038;p=8507"},"modified":"2026-03-28T11:48:16","modified_gmt":"2026-03-28T10:48:16","slug":"desk-skua","status":"publish","type":"product","link":"https:\/\/www.standmilano.it\/it\/prodotto\/desk-skua","title":{"rendered":"Desk Skua"},"content":{"rendered":"<div class=\"\">Il banchetto compatto portatile modello Skua \u00e8 facile da trasportare e montare, perfetto da usare in occasione di eventi e fiere.<\/div>\n<div class=\"\">Il piano d&#8217;appoggio \u00e8 nero, a base rettangolare di buone dimensioni (la larghezza \u00e8 di 1 metro, la profondit\u00e0 di 40 centimetri).<\/div>\n<div class=\"\">La personalizzazione in PVC \u00e8 fissata con un sistema in velcro.<\/div>\n<div class=\"\">Incluse nel prezzo due borse (una per trasportare top e base, una per la personalizzazione. Un banchetto perfetto da usare a mostre ed eventi.<\/div>\n<div><\/div>\n<div class=\"\"><span style=\"color: #ff6600;\"><strong>Prezzi di vendita, IVA esclusa<\/strong><\/span><\/div>\n<div class=\"\">Banchetto euro 208,00<\/div>\n<div class=\"\">Supplemento ripiano euro 22,00<\/div>\n<div class=\"\"><\/div>\n<div class=\"\">Completo di personalizzazione e 2 borse per il trasporto<\/div>\n<div class=\"\"><\/div>\n<div class=\"\"><span style=\"color: #ff6600;\"><strong>Dimensioni<\/strong><\/span><\/div>\n<div class=\"\">misure in centimetri:<\/div>\n<div class=\"\">94(A)x100(L)x40(P)<\/div>\n<div class=\"\"><\/div>\n<div class=\"\"><strong><span style=\"color: #ff6600;\">Specifiche<\/span><\/strong><\/div>\n<div class=\"\">\u2022 Banchetto promozionale per interni<\/div>\n<div class=\"\">\u2022 Top sostenuto da tamburo in plastica (scarica la Scheda)<\/div>\n<div class=\"\">\u2022 Fornito con 2 borse per il trasporto<\/div>\n<div class=\"\">\u2022 Personalizzazione stampata su PVC<\/div>\n","protected":false},"excerpt":{"rendered":"<p>Desk trasportabile a base rettangolare si trasporta con due borse dal peso complessivo di Kg 12.<br \/>\nTop in legno trattato nero, ripiano interno opzionale.<\/p>\n<h5><span style=\"color: #ec6707;\"><strong><a style=\"color: #ec6707;\" href=\"https:\/\/www.standmilano.it\/wp-content\/uploads\/Scheda_banchetto_Skua.pdf\" target=\"_blank\" rel=\"noopener\">Scarica la scheda tecnica<\/a><\/strong><\/span><\/h5>\n<p>https:\/\/player.vimeo.com\/video\/470644691<\/p>\n","protected":false},"featured_media":10804,"comment_status":"closed","ping_status":"closed","template":"","meta":[],"product_brand":[],"product_cat":[71],"product_tag":[],"class_list":{"0":"post-8507","1":"product","2":"type-product","3":"status-publish","4":"has-post-thumbnail","6":"product_cat-accessori","8":"first","9":"instock","10":"taxable","11":"shipping-taxable","12":"product-type-external"},"_links":{"self":[{"href":"https:\/\/www.standmilano.it\/it\/wp-json\/wp\/v2\/product\/8507","targetHints":{"allow":["GET"]}}],"collection":[{"href":"https:\/\/www.standmilano.it\/it\/wp-json\/wp\/v2\/product"}],"about":[{"href":"https:\/\/www.standmilano.it\/it\/wp-json\/wp\/v2\/types\/product"}],"replies":[{"embeddable":true,"href":"https:\/\/www.standmilano.it\/it\/wp-json\/wp\/v2\/comments?post=8507"}],"wp:featuredmedia":[{"embeddable":true,"href":"https:\/\/www.standmilano.it\/it\/wp-json\/wp\/v2\/media\/10804"}],"wp:attachment":[{"href":"https:\/\/www.standmilano.it\/it\/wp-json\/wp\/v2\/media?parent=8507"}],"wp:term":[{"taxonomy":"product_brand","embeddable":true,"href":"https:\/\/www.standmilano.it\/it\/wp-json\/wp\/v2\/product_brand?post=8507"},{"taxonomy":"product_cat","embeddable":true,"href":"https:\/\/www.standmilano.it\/it\/wp-json\/wp\/v2\/product_cat?post=8507"},{"taxonomy":"product_tag","embeddable":true,"href":"https:\/\/www.standmilano.it\/it\/wp-json\/wp\/v2\/product_tag?post=8507"}],"curies":[{"name":"wp","href":"https:\/\/api.w.org\/{rel}","templated":true}]}}