{"id":7417,"date":"2024-05-07T12:02:05","date_gmt":"2024-05-07T10:02:05","guid":{"rendered":"https:\/\/www.standmilano.it\/?post_type=product&#038;p=7417"},"modified":"2026-03-28T11:52:54","modified_gmt":"2026-03-28T10:52:54","slug":"roll-up-spitfire-piccolo","status":"publish","type":"product","link":"https:\/\/www.standmilano.it\/it\/prodotto\/roll-up-spitfire-piccolo","title":{"rendered":"Roll Up Spitfire"},"content":{"rendered":"<p class=\"size-14 m-size-11\"><span class=\"font-size-14 m-font-size-11\">Proposto come accessorio per il vostro Stand nella misura standard di cm 85\u00d7200 Spitfire \u00e8 il pi\u00f9 economico dei Roll Up a base autoportante.<br \/>\n<\/span><span class=\"font-size-14 m-font-size-11\">Il design di grande effetto ne fa un complemento prestigioso, a un prezzo assolutamente competitivo.<br \/>\nLa b<\/span><span class=\"font-size-14 m-font-size-11\">orsa per il trasporto e il telo stampato da file del cliente su materiale PET sono inclusi nel prezzo.<\/span><\/p>\n<p class=\"size-14 m-size-11\"><span style=\"color: #ff6600;\"><strong><span class=\"m-font-size-11 font-size-14\">Prezzi di vendita, IVA esclusa.<br \/>\n<\/span><\/strong><\/span><span class=\"m-font-size-11 font-size-14\">Roll Up per interni, <span class=\"font-size-14 m-font-size-11\">dimensione telo 85(L)x200(A)<\/span> euro <\/span><span class=\"m-font-size-11 font-size-14\">79,00<\/span><\/p>\n<p class=\"size-14 m-size-11\"><span class=\"m-font-size-11 font-size-14\"><span style=\"color: #ff6600;\"><strong>Specifiche Prodotto:\u2028<\/strong><\/span><br \/>\n<\/span><span class=\"m-font-size-11 font-size-14\">\u2022 RollUp per interni<br \/>\n<\/span><span class=\"m-font-size-11 font-size-14\">\u2022 Disponibile in 1 dimensione<br \/>\n<\/span><span class=\"m-font-size-11 font-size-14\">\u2028<\/span><span class=\"m-font-size-11 font-size-14\">\u2022 Telo in PET stampato da file del cliente e montato nella struttura<\/span><span class=\"m-font-size-11 font-size-14\"><br \/>\n\u2022 Borsa\u00a0 inclusa<\/span><\/p>\n","protected":false},"excerpt":{"rendered":"<p>Proposto come accessorio per il vostro Stand nella misura standard di cm 85\u00d7200 Spitfire \u00e8 il pi\u00f9 economico dei Roll Up a base autoportante.<\/p>\n<h5><span style=\"color: #ec6707;\"><strong><a style=\"color: #ec6707;\" href=\"https:\/\/www.standmilano.it\/wp-content\/uploads\/Scheda_Spitfire-1.pdf\" target=\"_blank\" rel=\"noopener\">Scarica la scheda tecnica<\/a><\/strong><\/span><\/h5>\n","protected":false},"featured_media":10679,"comment_status":"closed","ping_status":"closed","template":"","meta":[],"product_brand":[],"product_cat":[71,69,177],"product_tag":[],"class_list":{"0":"post-7417","1":"product","2":"type-product","3":"status-publish","4":"has-post-thumbnail","6":"product_cat-accessori","7":"product_cat-roll-up","8":"product_cat-rollup-piccoli","10":"first","11":"instock","12":"taxable","13":"shipping-taxable","14":"product-type-external"},"_links":{"self":[{"href":"https:\/\/www.standmilano.it\/it\/wp-json\/wp\/v2\/product\/7417","targetHints":{"allow":["GET"]}}],"collection":[{"href":"https:\/\/www.standmilano.it\/it\/wp-json\/wp\/v2\/product"}],"about":[{"href":"https:\/\/www.standmilano.it\/it\/wp-json\/wp\/v2\/types\/product"}],"replies":[{"embeddable":true,"href":"https:\/\/www.standmilano.it\/it\/wp-json\/wp\/v2\/comments?post=7417"}],"wp:featuredmedia":[{"embeddable":true,"href":"https:\/\/www.standmilano.it\/it\/wp-json\/wp\/v2\/media\/10679"}],"wp:attachment":[{"href":"https:\/\/www.standmilano.it\/it\/wp-json\/wp\/v2\/media?parent=7417"}],"wp:term":[{"taxonomy":"product_brand","embeddable":true,"href":"https:\/\/www.standmilano.it\/it\/wp-json\/wp\/v2\/product_brand?post=7417"},{"taxonomy":"product_cat","embeddable":true,"href":"https:\/\/www.standmilano.it\/it\/wp-json\/wp\/v2\/product_cat?post=7417"},{"taxonomy":"product_tag","embeddable":true,"href":"https:\/\/www.standmilano.it\/it\/wp-json\/wp\/v2\/product_tag?post=7417"}],"curies":[{"name":"wp","href":"https:\/\/api.w.org\/{rel}","templated":true}]}}