{"id":7385,"date":"2024-05-07T09:46:18","date_gmt":"2024-05-07T07:46:18","guid":{"rendered":"https:\/\/www.standmilano.it\/?post_type=product&#038;p=7385"},"modified":"2025-11-26T16:38:05","modified_gmt":"2025-11-26T15:38:05","slug":"stand-modulare-mirage","status":"publish","type":"product","link":"https:\/\/www.standmilano.it\/it\/prodotto\/stand-modulare-mirage","title":{"rendered":"Stand Modulare Mirage"},"content":{"rendered":"<div class=\"elementor-element elementor-element-fae5a5b elementor-widget elementor-widget-text-editor\" data-id=\"fae5a5b\" data-element_type=\"widget\" data-widget_type=\"text-editor.default\">\n<div class=\"elementor-widget-container\">\n<p><span style=\"color: #ff6600;\"><strong>Soluzioni espositive straordinarie grazie a un sistema intuitivo e versatile con lo stand modulare Mirage<\/strong><\/span><\/p>\n<p>Nel mondo degli allestimenti espositivi la semplicit\u00e0 d&#8217;uso e la rapidit\u00e0 di montaggio rappresentano un valore assoluto. \u00c8 proprio da questa esigenza che nasce il nostro sistema di profili e tessuti Mirage, progettato con un design intuitivo che rende ogni fase dell\u2019allestimento facile e veloce. Non \u00e8 necessario possedere competenze tecniche specifiche: chiunque pu\u00f2 creare spazi espositivi professionali, funzionali e visivamente impattanti.<\/p>\n<p>Proponiamo 4 kit preconfigurati: naturalmente siamo a disposizione per sviluppare i vostri progetti, le vostre idee. Il montaggio non \u00e8 incluso nel prezzo, ma pu\u00f2 essere effettuato su richiesta dal nostro Staff.<\/p>\n<p><img fetchpriority=\"high\" decoding=\"async\" class=\"size-full wp-image-10420 aligncenter\" src=\"https:\/\/www.standmilano.it\/wp-content\/uploads\/Gif-Mirage-on-off-scheletro.gif\" alt=\"\" width=\"1080\" height=\"298\" srcset=\"https:\/\/www.standmilano.it\/wp-content\/uploads\/Gif-Mirage-on-off-scheletro.gif 1080w, https:\/\/www.standmilano.it\/wp-content\/uploads\/Gif-Mirage-on-off-scheletro-768x212.gif 768w, https:\/\/www.standmilano.it\/wp-content\/uploads\/Gif-Mirage-on-off-scheletro-990x273.gif 990w, https:\/\/www.standmilano.it\/wp-content\/uploads\/Gif-Mirage-on-off-scheletro-441x122.gif 441w, https:\/\/www.standmilano.it\/wp-content\/uploads\/Gif-Mirage-on-off-scheletro-300x83.gif 300w, https:\/\/www.standmilano.it\/wp-content\/uploads\/Gif-Mirage-on-off-scheletro-800x221.gif 800w, https:\/\/www.standmilano.it\/wp-content\/uploads\/Gif-Mirage-on-off-scheletro-150x41.gif 150w\" sizes=\"(max-width: 1080px) 100vw, 1080px\" \/><\/p>\n<p><strong>Kit 1:<\/strong> Un fondale di 3 metri di larghezza, alto 3 metri, molto stabile e con grande visibilit\u00e0 verticale. L&#8217;ideale per valorizzare il vostro spazio espositivo.<br \/>\nPrezzo euro 1105,00+IVA.<br \/>\n<strong>Kit 2:<\/strong> Il classico Stand a L, di dimensioni metri 3&#215;2, altezza 3 metri. Prezzo euro 1707,00+IVA.<br \/>\n<strong>Kit 3:<\/strong> Stand a U pensato per il classico spazio 3&#215;3: dimensioni della parete di fondo e delle pareti laterali 3 metri, altezza 3 metri. Prezzo euro 3091,00+IVA.<br \/>\n<strong>Kit 4:<\/strong> Stand a U di dimensioni pi\u00f9 generose: fondo di 4 metri, pareti laterali di 3 metri. Altezza 3 metri. Prezzo euro 3519,00+IVA.<\/p>\n<p>I profili in alluminio leggero, abbinati a tessuti stampabili ad alta definizione, permettono di realizzare soluzioni espositive dal look moderno, personalizzabili in ogni dettaglio. Che si tratti di fiere, showroom, negozi o eventi temporanei, i nostri prodotti si adattano perfettamente al contesto, contribuendo a valorizzare il messaggio e l\u2019identit\u00e0 del brand.<\/p>\n<p>Una delle caratteristiche che rende le nostre soluzioni particolarmente interessanti \u00e8 la loro straordinaria versatilit\u00e0. La stessa struttura pu\u00f2 essere impiegata in occasioni diverse, sostituendo la sola grafica, mantenendo invece la struttura originale.<\/p>\n<p>Le sezioni dello Stand Modulare Mirage possono essere configurate di volta in volta in modalit\u00e0 diverse, adattandosi a esigenze differenti. \u00c8 possibile creare Totem, Fondali, Corner con pareti a L, fino a Stand ben dimensionati, con 3 pareti a U e magari un magazzino.<\/p>\n<p>Un approccio modulare che permette anche una gestione ottimale degli spazi e una riduzione dei costi logistici.<\/p>\n<p><img decoding=\"async\" class=\"alignnone size-full wp-image-10444\" src=\"https:\/\/www.standmilano.it\/wp-content\/uploads\/Mirage-kit-fronte-retro-scaled.jpg\" alt=\"\" width=\"2560\" height=\"676\" srcset=\"https:\/\/www.standmilano.it\/wp-content\/uploads\/Mirage-kit-fronte-retro-scaled.jpg 2560w, https:\/\/www.standmilano.it\/wp-content\/uploads\/Mirage-kit-fronte-retro-768x203.jpg 768w, https:\/\/www.standmilano.it\/wp-content\/uploads\/Mirage-kit-fronte-retro-1536x405.jpg 1536w, https:\/\/www.standmilano.it\/wp-content\/uploads\/Mirage-kit-fronte-retro-2048x541.jpg 2048w, https:\/\/www.standmilano.it\/wp-content\/uploads\/Mirage-kit-fronte-retro-990x261.jpg 990w, https:\/\/www.standmilano.it\/wp-content\/uploads\/Mirage-kit-fronte-retro-441x116.jpg 441w, https:\/\/www.standmilano.it\/wp-content\/uploads\/Mirage-kit-fronte-retro-300x79.jpg 300w, https:\/\/www.standmilano.it\/wp-content\/uploads\/Mirage-kit-fronte-retro-800x211.jpg 800w, https:\/\/www.standmilano.it\/wp-content\/uploads\/Mirage-kit-fronte-retro-150x40.jpg 150w\" sizes=\"(max-width: 2560px) 100vw, 2560px\" \/><\/p>\n<\/div>\n<\/div>\n","protected":false},"excerpt":{"rendered":"<p>Dal semplice fondale allo Stand modulare a U articolato, con magazzino.<\/p>\n<h5><strong><span style=\"color: #ec6707;\"><a style=\"color: #ec6707;\" href=\"https:\/\/www.standmilano.it\/wp-content\/uploads\/mirage_kit_6.pdf\" target=\"_blank\" rel=\"noopener\">Scarica la scheda tecnica<\/a><\/span><\/strong><\/h5>\n","protected":false},"featured_media":10403,"comment_status":"closed","ping_status":"closed","template":"","meta":[],"product_brand":[],"product_cat":[67],"product_tag":[145,154,146,152,150,147,148],"class_list":{"0":"post-7385","1":"product","2":"type-product","3":"status-publish","4":"has-post-thumbnail","6":"product_cat-stand-modulari","7":"product_tag-alluminio-tessuto","8":"product_tag-multiparete","9":"product_tag-da-altezza-2-30-metri","10":"product_tag-da-altezza-3-metri","11":"product_tag-da-larghezza-2-metri","12":"product_tag-da-larghezza-3-metri","13":"product_tag-da-larghezza-4-metri","15":"first","16":"instock","17":"taxable","18":"shipping-taxable","19":"product-type-external"},"_links":{"self":[{"href":"https:\/\/www.standmilano.it\/it\/wp-json\/wp\/v2\/product\/7385","targetHints":{"allow":["GET"]}}],"collection":[{"href":"https:\/\/www.standmilano.it\/it\/wp-json\/wp\/v2\/product"}],"about":[{"href":"https:\/\/www.standmilano.it\/it\/wp-json\/wp\/v2\/types\/product"}],"replies":[{"embeddable":true,"href":"https:\/\/www.standmilano.it\/it\/wp-json\/wp\/v2\/comments?post=7385"}],"wp:featuredmedia":[{"embeddable":true,"href":"https:\/\/www.standmilano.it\/it\/wp-json\/wp\/v2\/media\/10403"}],"wp:attachment":[{"href":"https:\/\/www.standmilano.it\/it\/wp-json\/wp\/v2\/media?parent=7385"}],"wp:term":[{"taxonomy":"product_brand","embeddable":true,"href":"https:\/\/www.standmilano.it\/it\/wp-json\/wp\/v2\/product_brand?post=7385"},{"taxonomy":"product_cat","embeddable":true,"href":"https:\/\/www.standmilano.it\/it\/wp-json\/wp\/v2\/product_cat?post=7385"},{"taxonomy":"product_tag","embeddable":true,"href":"https:\/\/www.standmilano.it\/it\/wp-json\/wp\/v2\/product_tag?post=7385"}],"curies":[{"name":"wp","href":"https:\/\/api.w.org\/{rel}","templated":true}]}}