{"id":7359,"date":"2024-05-07T09:01:07","date_gmt":"2024-05-07T07:01:07","guid":{"rendered":"https:\/\/www.standmilano.it\/?post_type=product&#038;p=7359"},"modified":"2026-01-12T12:17:23","modified_gmt":"2026-01-12T11:17:23","slug":"fondale-lancaster","status":"publish","type":"product","link":"https:\/\/www.standmilano.it\/it\/prodotto\/fondale-lancaster","title":{"rendered":"Fondale Lancaster"},"content":{"rendered":"<p class=\"m-size-11 size-14\"><span class=\"m-font-size-11 font-size-14\">Il fondale semplicissimo da gestire, ancora pi\u00f9 performante con il nuovo tessuto sintetico.<br \/>\nIl nostro nuovo Hop Up Wall Lancaster ha una marcia in pi\u00f9: pi\u00f9 semplice nel montaggio, con il sistema facilitato di fissaggio della struttura estensibile di alluminio, pi\u00f9 efficiente nell\u2019esporre la vostra grafica con il nuovo tessuto antistropiccio, pi\u00f9 economico.<br \/>\nProponiamo 4 diverse soluzioni (altezza invariata per tutte le soluzioni, cambia il numero di moduli affiancati in orizzontale), comprensive di struttura, telo frontale e laterale fissato con velcro e borsa per il trasporto.<br \/>\n<\/span><span class=\"m-font-size-11 font-size-14\"><strong><span style=\"color: #ff6600;\">Prezzi di vendita, IVA esclusa<\/span><\/strong><br \/>\n<\/span><span class=\"m-font-size-11 font-size-14\">Completi di stampa per fronte+ lati e borsa; misure in centimetri:<br \/>\n<\/span><span class=\"m-font-size-11 font-size-14\">FONDALE dritto (dimensioni frontali)<br \/>\n<\/span><span class=\"m-font-size-11 font-size-14\">\u2022 Versione 2 moduli, dimensioni cm 153(L)x226(A) euro 410,00<br \/>\n\u2022 Versione 3 moduli, dimensioni cm 226(L)x226(A) euro 490,00<br \/>\n\u2022 Versione 4 moduli, dimensioni cm 299(L)x226(A) euro 598,00<br \/>\n\u2022 Versione 5 moduli, dimensioni cm 373(L)x226(A) euro 678,00<br \/>\n<span class=\"m-font-size-11\"><span style=\"color: #ff6600;\"><strong>Telo supplementare<\/strong><strong>, IVA esclusa<\/strong><\/span><br \/>\n<strong>Telo posteriore nero<\/strong><\/span><br \/>\n\u2022 Versione 2 moduli, dimensioni cm 153(L)x226(A) euro 62,00<br \/>\n\u2022 Versione 3 moduli, dimensioni cm 226(L)x226(A) euro 91,00<br \/>\n\u2022 Versione 4 moduli, dimensioni cm 299(L)x226(A) euro 95,00<br \/>\n\u2022 Versione 5 moduli, dimensioni cm 373(L)x226(A) euro 99,00<br \/>\n<\/span><span class=\"m-font-size-11 font-size-14\"><span style=\"color: #ff6600;\"><strong>Specifiche Prodotto<\/strong><\/span><br \/>\n<\/span><span class=\"m-font-size-11 font-size-14\">\u2028\u2022 Fondale Hop Up monofacciale per interni<br \/>\n\u2022 Struttura estensibile in metallo anodizzato<br \/>\n\u2022 Telo in pezzo unico, in tessuto elasticizzato, fissato con velcro<br \/>\n\u2022 Borsa inclusa<br \/>\n<\/span><strong><span class=\"m-font-size-11 font-size-14\" style=\"color: #ff6600;\">Supplementi<\/span><\/strong><span class=\"m-font-size-11 font-size-14\"><br \/>\n<\/span><span class=\"m-font-size-11 font-size-14\">(prezzi IVA esclusa)<br \/>\n\u2022 Opzionale: coppia faretti euro 100,00<br \/>\n\u2022 Opzionale: coppia piedini sostegno euro 80,00<\/span><\/p>\n","protected":false},"excerpt":{"rendered":"<p>Il fondale semplicissimo da gestire: sulla classica struttura \u201ca ragno\u201d in alluminio si fissa il telo con un sistema a velcro.<br \/>\nAncora pi\u00f9 performante con il nuovo tessuto sintetico.<\/p>\n<h5><span style=\"color: #ec6707;\"><strong><a style=\"color: #ec6707;\" href=\"https:\/\/www.standmilano.it\/wp-content\/uploads\/scheda_lancaster.pdf\" target=\"_blank\" rel=\"noopener\">Scarica la scheda tecnica<\/a><\/strong><\/span><\/h5>\n<p>https:\/\/player.vimeo.com\/video\/470664233<\/p>\n","protected":false},"featured_media":10651,"comment_status":"closed","ping_status":"closed","template":"","meta":[],"product_brand":[],"product_cat":[66],"product_tag":[145,150,147],"class_list":{"0":"post-7359","1":"product","2":"type-product","3":"status-publish","4":"has-post-thumbnail","6":"product_cat-fondali-portatili","7":"product_tag-alluminio-tessuto","8":"product_tag-da-larghezza-2-metri","9":"product_tag-da-larghezza-3-metri","11":"first","12":"instock","13":"taxable","14":"shipping-taxable","15":"product-type-external"},"_links":{"self":[{"href":"https:\/\/www.standmilano.it\/it\/wp-json\/wp\/v2\/product\/7359","targetHints":{"allow":["GET"]}}],"collection":[{"href":"https:\/\/www.standmilano.it\/it\/wp-json\/wp\/v2\/product"}],"about":[{"href":"https:\/\/www.standmilano.it\/it\/wp-json\/wp\/v2\/types\/product"}],"replies":[{"embeddable":true,"href":"https:\/\/www.standmilano.it\/it\/wp-json\/wp\/v2\/comments?post=7359"}],"wp:featuredmedia":[{"embeddable":true,"href":"https:\/\/www.standmilano.it\/it\/wp-json\/wp\/v2\/media\/10651"}],"wp:attachment":[{"href":"https:\/\/www.standmilano.it\/it\/wp-json\/wp\/v2\/media?parent=7359"}],"wp:term":[{"taxonomy":"product_brand","embeddable":true,"href":"https:\/\/www.standmilano.it\/it\/wp-json\/wp\/v2\/product_brand?post=7359"},{"taxonomy":"product_cat","embeddable":true,"href":"https:\/\/www.standmilano.it\/it\/wp-json\/wp\/v2\/product_cat?post=7359"},{"taxonomy":"product_tag","embeddable":true,"href":"https:\/\/www.standmilano.it\/it\/wp-json\/wp\/v2\/product_tag?post=7359"}],"curies":[{"name":"wp","href":"https:\/\/api.w.org\/{rel}","templated":true}]}}