{"id":10439,"date":"2025-07-15T13:54:12","date_gmt":"2025-07-15T11:54:12","guid":{"rendered":"https:\/\/www.standmilano.it\/?post_type=product&#038;p=10439"},"modified":"2026-03-04T13:37:42","modified_gmt":"2026-03-04T12:37:42","slug":"totem-easyframe","status":"publish","type":"product","link":"https:\/\/www.standmilano.it\/it\/prodotto\/totem-easyframe","title":{"rendered":"Totem EasyFrame"},"content":{"rendered":"<p><strong>Semplici da montare, leggeri da trasportare<\/strong><br \/>\nProponiamo il nostro sistema modulare Totem EasyFrame in 9 dimensioni diverse per larghezza e altezza: dal modello di cm 100&#215;200 a quello di cm 150&#215;250.<br \/>\nPer i modelli di dimensioni superiori vi rimandiamo al prodotto Fondale Configurabile EasyFrame, mentre trovate la versione pi\u00f9 articolata, pensata come Stand, al prodotto Stand Modulare EasyFrame.<br \/>\nAnche in questo caso i tempi di consegna sono di 10 giorni lavorativi. In casi di urgenza drammatica si pu\u00f2 guadagnare, con un costo supplementare, qualche giorno, utilizzando materiali e fornitori diversi da quelli standard.<\/p>\n<p><span style=\"color: #ec6707;\"><strong>Prezzi di vendita<\/strong><\/span><\/p>\n<p><strong>Personalizzazione monofacciale<\/strong><br \/>\nEasy Frame 100\u00d7200\u00a0 euro 144,00+IVA \u2013\u00a0supplemento urgenza\u00a0euro 54,00+IVA<br \/>\nEasy Frame 100\u00d7230\u00a0 euro 154,00+IVA \u2013\u00a0supplemento urgenza\u00a0euro 61,00+IVA<br \/>\nEasy Frame 100\u00d7250\u00a0 euro 161,00+IVA \u2013\u00a0supplemento urgenza\u00a0euro 66,00+IVA<br \/>\nEasy Frame 120\u00d7200\u00a0 euro 157,00+IVA \u2013\u00a0supplemento urgenza\u00a0euro 64,00+IVA<br \/>\nEasy Frame 120\u00d7230\u00a0 euro 164,00+IVA \u2013\u00a0supplemento urgenza\u00a0euro 77,00+IVA<br \/>\nEasy Frame 120\u00d7250\u00a0 euro 169,00+IVA \u2013\u00a0supplemento urgenza\u00a0euro 84,00+IVA<br \/>\nEasy Frame 150\u00d7200\u00a0 euro 248,00+IVA \u2013\u00a0supplemento urgenza\u00a0euro 6,00+IVA<br \/>\nEasy Frame 150\u00d7230\u00a0 euro 259,00+IVA \u2013\u00a0supplemento urgenza\u00a0euro 18,00+IVA<br \/>\nEasy Frame 150\u00d7250\u00a0 euro 268,00+IVA \u2013\u00a0supplemento urgenza\u00a0euro 23,00+IVA<\/p>\n<p><span style=\"color: #000000;\"><strong>Personalizzazione bifacciale\u2028<\/strong><\/span><br \/>\nEasy Frame 100\u00d7200\u00a0 euro 181,00+IVA \u2013\u00a0supplemento urgenza\u00a0euro 76,00+IVA<br \/>\nEasy Frame 100\u00d7230\u00a0 euro 194,00+IVA \u2013\u00a0supplemento urgenza\u00a0euro 62,00+IVA<br \/>\nEasy Frame 100\u00d7250\u00a0 euro 205,00+IVA \u2013\u00a0supplemento urgenza\u00a0euro 66,00+IVA<br \/>\nEasy Frame 120\u00d7200\u00a0 euro 199,00+IVA \u2013\u00a0supplemento urgenza\u00a0euro 64,00+IVA<br \/>\nEasy Frame 120\u00d7230\u00a0 euro 208,00+IVA \u2013\u00a0supplemento urgenza\u00a0euro 77,00+IVA<br \/>\nEasy Frame 120\u00d7250\u00a0 euro 214,00+IVA \u2013\u00a0supplemento urgenza\u00a0euro 85,00+IVA<br \/>\nEasy Frame 150\u00d7200\u00a0 euro 293,00+IVA \u2013\u00a0supplemento urgenza\u00a0euro 7,00+IVA<br \/>\nEasy Frame 150\u00d7230\u00a0 euro 312,00+IVA \u2013\u00a0supplemento urgenza\u00a0euro 17,00+IVA<br \/>\nEasy Frame 150\u00d7250\u00a0 euro 327,00+IVA \u2013\u00a0supplemento urgenza\u00a0euro 24,00+IVA<\/p>\n","protected":false},"excerpt":{"rendered":"<p><span style=\"color: #ec6707;\"><strong>Totem portatile e riconfigurabile<\/strong><\/span><\/p>\n<p><span style=\"color: #ff6600;\"><span style=\"color: #000000;\">Lo utilizzate, cambiate il telo, riconfigurate aggiungendo altri moduli: il massimo della flessibilit\u00e0.<\/span><strong><br \/>\n<\/strong><\/span>Anche nella modalit\u00e0 Totem EasyFrame mantiene tutte le caratteristiche che ne fanno il supporto pi\u00f9 maneggevole e economico nella categoria dei materiali portatili e configurabili in modalit\u00e0 monofacciale e bifacciale, con in pi\u00f9 la possibilit\u00e0 di essere utilizzati nel tempo in configurazioni diverse: per esempio 2 totem di larghezza cm 150 e altezza cm 200 potranno essere utilizzati affiancati a costituire un fondale di 3 metri, con un unico telo di cm 300&#215;200; eventualmente potranno essere acquistate anche le &#8220;prolunghe&#8221; per l&#8217;altezza, portando il fondale a dimensioni di cm 300&#215;250.<\/p>\n<p>https:\/\/player.vimeo.com\/video\/1071712635<\/p>\n","protected":false},"featured_media":10659,"comment_status":"closed","ping_status":"closed","template":"","meta":[],"product_brand":[],"product_cat":[70],"product_tag":[],"class_list":{"0":"post-10439","1":"product","2":"type-product","3":"status-publish","4":"has-post-thumbnail","6":"product_cat-totem","8":"first","9":"instock","10":"taxable","11":"shipping-taxable","12":"product-type-external"},"_links":{"self":[{"href":"https:\/\/www.standmilano.it\/it\/wp-json\/wp\/v2\/product\/10439","targetHints":{"allow":["GET"]}}],"collection":[{"href":"https:\/\/www.standmilano.it\/it\/wp-json\/wp\/v2\/product"}],"about":[{"href":"https:\/\/www.standmilano.it\/it\/wp-json\/wp\/v2\/types\/product"}],"replies":[{"embeddable":true,"href":"https:\/\/www.standmilano.it\/it\/wp-json\/wp\/v2\/comments?post=10439"}],"wp:featuredmedia":[{"embeddable":true,"href":"https:\/\/www.standmilano.it\/it\/wp-json\/wp\/v2\/media\/10659"}],"wp:attachment":[{"href":"https:\/\/www.standmilano.it\/it\/wp-json\/wp\/v2\/media?parent=10439"}],"wp:term":[{"taxonomy":"product_brand","embeddable":true,"href":"https:\/\/www.standmilano.it\/it\/wp-json\/wp\/v2\/product_brand?post=10439"},{"taxonomy":"product_cat","embeddable":true,"href":"https:\/\/www.standmilano.it\/it\/wp-json\/wp\/v2\/product_cat?post=10439"},{"taxonomy":"product_tag","embeddable":true,"href":"https:\/\/www.standmilano.it\/it\/wp-json\/wp\/v2\/product_tag?post=10439"}],"curies":[{"name":"wp","href":"https:\/\/api.w.org\/{rel}","templated":true}]}}