{"id":10189,"date":"2025-06-19T11:43:14","date_gmt":"2025-06-19T09:43:14","guid":{"rendered":"https:\/\/www.standmilano.it\/?post_type=product&#038;p=10189"},"modified":"2026-04-03T12:07:26","modified_gmt":"2026-04-03T10:07:26","slug":"stand-modulare-easyframe","status":"publish","type":"product","link":"https:\/\/www.standmilano.it\/it\/prodotto\/stand-modulare-easyframe","title":{"rendered":"Stand Modulare EasyFrame"},"content":{"rendered":"<p><strong>Stand modulare EasyFrame: Easy nella progettazione, nella gestione e nel prezzo<\/strong><br \/>\nIl nostro sistema modulare EasyFrame consente di realizzare, oltre che Totem e Fondali, Stand configurabili in molteplici dimensioni e architetture, a U, a L, con magazzino, eventualmente completati con un Desk.<\/p>\n<p>Consiste in moduli base, di larghezze differenti (da cm 100, 120, 150), uniti con semplici connettori e personalizzati con un telo in tessuto che andr\u00e0 a coprire l&#8217;intera superficie della struttura: per esempio uno Stand a L di dimensioni mt 4,5(parete di fondo)x3(parete laterale), altezza 2,3 mt, sar\u00e0 composto da 3 moduli da 1,5 mt per il lato lungo e 2 moduli da 1,5 mt per il lato corto attrezzati, nella versione monofacciale, con 2 teli, uno di dimensioni mt 4,5 (L) x 2,3 (A), l&#8217;altro di mt 3 (L) x 2,3 (A).<br \/>\nL&#8217;altezza standard \u00e8 di cm 200, ma pu\u00f2 essere portata a cm 230 e a cm 250 con l&#8217;utilizzo di semplici prolunghe che vanno inserite nei montanti.<\/p>\n<p><img fetchpriority=\"high\" decoding=\"async\" class=\"size-full wp-image-10422 aligncenter\" src=\"https:\/\/www.standmilano.it\/wp-content\/uploads\/Gif-Easyframe-on-off-scheletro.gif\" alt=\"\" width=\"1080\" height=\"298\" srcset=\"https:\/\/www.standmilano.it\/wp-content\/uploads\/Gif-Easyframe-on-off-scheletro.gif 1080w, https:\/\/www.standmilano.it\/wp-content\/uploads\/Gif-Easyframe-on-off-scheletro-768x212.gif 768w, https:\/\/www.standmilano.it\/wp-content\/uploads\/Gif-Easyframe-on-off-scheletro-990x273.gif 990w, https:\/\/www.standmilano.it\/wp-content\/uploads\/Gif-Easyframe-on-off-scheletro-441x122.gif 441w, https:\/\/www.standmilano.it\/wp-content\/uploads\/Gif-Easyframe-on-off-scheletro-300x83.gif 300w, https:\/\/www.standmilano.it\/wp-content\/uploads\/Gif-Easyframe-on-off-scheletro-800x221.gif 800w, https:\/\/www.standmilano.it\/wp-content\/uploads\/Gif-Easyframe-on-off-scheletro-150x41.gif 150w\" sizes=\"(max-width: 1080px) 100vw, 1080px\" \/><\/p>\n<p><strong>Prezzi per la versione monofacciale:<br \/>\n<span style=\"color: #ff6600;\">(versione bifacciale su richiesta)<\/span><br \/>\nKit 1: <\/strong>Un fondale di 3 metri di larghezza, alto 2,50 metri, molto stabile e con grande visibilit\u00e0 verticale. L\u2019ideale per valorizzare il vostro spazio espositivo.<br \/>\nPrezzo euro 418,00+IVA.<br \/>\n<strong>Kit 2:\u00a0<\/strong>Il classico Stand a L, di dimensioni metri 3\u00d72, altezza 2,50 metri. Prezzo euro 673,00+IVA.<br \/>\n<strong>Kit 3:\u00a0<\/strong>Stand a U pensato per il classico spazio 3\u00d73: dimensioni della parete di fondo e delle pareti laterali 3 metri, altezza 2,50 metri. Prezzo euro 1020,00+IVA.<br \/>\n<strong>Kit 4:<\/strong> Stand a U di dimensioni pi\u00f9 generose: fondo di 4 metri, pareti laterali di 3 metri. Altezza 2,50 metri. Prezzo euro 1146,00+IVA.<\/p>\n<p><span style=\"color: #ec6707;\"><strong>Monofacciale o bifacciale?<\/strong><\/span><br \/>\nLo Stand modulare EasyFrame \u00e8 disponibile sia in versione monofacciale che bifacciale: la versione bifacciale, oltre che per l&#8217;ovvia funzione della visibilit\u00e0 sui 2 lati, \u00e8 opportuna anche con visibilit\u00e0 su un lato solo nel caso di sorgenti luminose sul retro per evitare fastidiose trasparenze; in questo caso si consiglia di stampare un telo nero da montare sul lato posteriore.<\/p>\n<p><span style=\"color: #ec6707;\"><strong>Montaggio semplificato<\/strong><\/span><br \/>\nL&#8217;operazione di montaggio dello stand modulare \u00e8 semplicissima, infatti viene svolta senza l&#8217;uso di attrezzi: tutti i componenti sono a incastro; nel caso degli Stand \u00e8 preferibile che venga svolta da 2 persone in funzione dell&#8217;inserimento del telo, specie per strutture di grandi dimensioni.<\/p>\n<p><span style=\"color: #ec6707;\"><strong>Noleggio<\/strong><\/span><br \/>\nGli Stand configurabili Easy Frame possono essere noleggiati, con installazione e disinstallazione a carico del nostro Staff.<\/p>\n<p><img decoding=\"async\" class=\"alignnone size-full wp-image-10446\" src=\"https:\/\/www.standmilano.it\/wp-content\/uploads\/Easyframe-kit-fronte-retro-scaled.jpg\" alt=\"stand modulare easyframe fronte retro\" width=\"2560\" height=\"676\" srcset=\"https:\/\/www.standmilano.it\/wp-content\/uploads\/Easyframe-kit-fronte-retro-scaled.jpg 2560w, https:\/\/www.standmilano.it\/wp-content\/uploads\/Easyframe-kit-fronte-retro-768x203.jpg 768w, https:\/\/www.standmilano.it\/wp-content\/uploads\/Easyframe-kit-fronte-retro-1536x405.jpg 1536w, https:\/\/www.standmilano.it\/wp-content\/uploads\/Easyframe-kit-fronte-retro-2048x541.jpg 2048w, https:\/\/www.standmilano.it\/wp-content\/uploads\/Easyframe-kit-fronte-retro-990x261.jpg 990w, https:\/\/www.standmilano.it\/wp-content\/uploads\/Easyframe-kit-fronte-retro-441x116.jpg 441w, https:\/\/www.standmilano.it\/wp-content\/uploads\/Easyframe-kit-fronte-retro-300x79.jpg 300w, https:\/\/www.standmilano.it\/wp-content\/uploads\/Easyframe-kit-fronte-retro-800x211.jpg 800w, https:\/\/www.standmilano.it\/wp-content\/uploads\/Easyframe-kit-fronte-retro-150x40.jpg 150w\" sizes=\"(max-width: 2560px) 100vw, 2560px\" \/><\/p>\n","protected":false},"excerpt":{"rendered":"<p>Lo Stand modulare EasyFrame, disponibile sia in vendita che a noleggio, \u00e8 facilmente trasportabile nelle comode borse abbinate ai singoli moduli, realizzati in sezioni di alluminio, e veramente semplice e intuitivo da montare.<\/p>\n<p>I teli in tessuto sono attrezzati ai bordi con delle &#8220;fettucce&#8221; in silicone che vanno inserite nelle apposite scanalature della struttura.<br \/>\n\u00c8 pi\u00f9 facile a fare che a dire: vi consigliamo di visualizzare il breve video esplicativo qui sotto.<\/p>\n<p>https:\/\/player.vimeo.com\/video\/1071712635<\/p>\n","protected":false},"featured_media":10249,"comment_status":"closed","ping_status":"closed","template":"","meta":[],"product_brand":[],"product_cat":[67],"product_tag":[145,151,171,154],"class_list":{"0":"post-10189","1":"product","2":"type-product","3":"status-publish","4":"has-post-thumbnail","6":"product_cat-stand-modulari","7":"product_tag-alluminio-tessuto","8":"product_tag-montaggio-facilitato","9":"product_tag-prodotti-a-noleggio","10":"product_tag-multiparete","12":"first","13":"instock","14":"taxable","15":"shipping-taxable","16":"product-type-external"},"_links":{"self":[{"href":"https:\/\/www.standmilano.it\/it\/wp-json\/wp\/v2\/product\/10189","targetHints":{"allow":["GET"]}}],"collection":[{"href":"https:\/\/www.standmilano.it\/it\/wp-json\/wp\/v2\/product"}],"about":[{"href":"https:\/\/www.standmilano.it\/it\/wp-json\/wp\/v2\/types\/product"}],"replies":[{"embeddable":true,"href":"https:\/\/www.standmilano.it\/it\/wp-json\/wp\/v2\/comments?post=10189"}],"wp:featuredmedia":[{"embeddable":true,"href":"https:\/\/www.standmilano.it\/it\/wp-json\/wp\/v2\/media\/10249"}],"wp:attachment":[{"href":"https:\/\/www.standmilano.it\/it\/wp-json\/wp\/v2\/media?parent=10189"}],"wp:term":[{"taxonomy":"product_brand","embeddable":true,"href":"https:\/\/www.standmilano.it\/it\/wp-json\/wp\/v2\/product_brand?post=10189"},{"taxonomy":"product_cat","embeddable":true,"href":"https:\/\/www.standmilano.it\/it\/wp-json\/wp\/v2\/product_cat?post=10189"},{"taxonomy":"product_tag","embeddable":true,"href":"https:\/\/www.standmilano.it\/it\/wp-json\/wp\/v2\/product_tag?post=10189"}],"curies":[{"name":"wp","href":"https:\/\/api.w.org\/{rel}","templated":true}]}}